{"id":30,"date":"2025-01-21T18:23:41","date_gmt":"2025-01-21T18:23:41","guid":{"rendered":"https:\/\/gygmotors.com.ar\/?page_id=30"},"modified":"2025-02-04T16:04:52","modified_gmt":"2025-02-04T16:04:52","slug":"empresa","status":"publish","type":"page","link":"https:\/\/gygmotors.com.ar\/index.php\/empresa\/","title":{"rendered":"Empresa"},"content":{"rendered":"\t\t<div data-elementor-type=\"wp-page\" data-elementor-id=\"30\" class=\"elementor elementor-30\" data-elementor-post-type=\"page\">\n\t\t\t\t<div class=\"elementor-element elementor-element-66e040f e-con-full e-flex e-con e-parent\" data-id=\"66e040f\" data-element_type=\"container\" data-e-type=\"container\" data-settings=\"{&quot;background_background&quot;:&quot;classic&quot;}\">\n\t\t<div class=\"elementor-element elementor-element-ab2f29f e-flex e-con-boxed e-con e-child\" data-id=\"ab2f29f\" data-element_type=\"container\" data-e-type=\"container\">\n\t\t\t\t\t<div class=\"e-con-inner\">\n\t\t\t\t<div class=\"elementor-element elementor-element-8e5f9a7 elementor-widget elementor-widget-heading\" data-id=\"8e5f9a7\" data-element_type=\"widget\" data-e-type=\"widget\" data-widget_type=\"heading.default\">\n\t\t\t\t<div class=\"elementor-widget-container\">\n\t\t\t\t\t<h2 class=\"elementor-heading-title elementor-size-default\">BIENVENIDOS<\/h2>\t\t\t\t<\/div>\n\t\t\t\t<\/div>\n\t\t\t\t<div class=\"elementor-element elementor-element-7123a98 elementor-widget elementor-widget-text-editor\" data-id=\"7123a98\" data-element_type=\"widget\" data-e-type=\"widget\" data-widget_type=\"text-editor.default\">\n\t\t\t\t<div class=\"elementor-widget-container\">\n\t\t\t\t\t\t\t\t\t<p>Desde nuestra fundaci\u00f3n en el <strong>a\u00f1o 2012<\/strong>, nos dedicamos apasionadamente a proporcionar <strong>productos y servicios de primera calidad.<br \/><\/strong>Durante <strong>m\u00e1s de diez a\u00f1os<\/strong>, mantuvimos un firme <strong>compromiso con la excelencia<\/strong>, lo que nos ha permitido convertirnos en el <strong>distribuidor oficial<\/strong> de dos marcas l\u00edderes en sus campos: <strong>Cummins y XCMG<\/strong>. <br \/>Nuestro enfoque en <strong>mantener los m\u00e1s altos est\u00e1ndares de integridad y rendimiento<\/strong> fue fundamental para <strong>consolidarnos en el mercado<\/strong>.<\/p>\t\t\t\t\t\t\t\t<\/div>\n\t\t\t\t<\/div>\n\t\t\t\t\t<\/div>\n\t\t\t\t<\/div>\n\t\t<div class=\"elementor-element elementor-element-48592d1 e-flex e-con-boxed e-con e-child\" data-id=\"48592d1\" data-element_type=\"container\" data-e-type=\"container\">\n\t\t\t\t\t<div class=\"e-con-inner\">\n\t\t\t\t<div class=\"elementor-element elementor-element-a446748 elementor-widget elementor-widget-heading\" data-id=\"a446748\" data-element_type=\"widget\" data-e-type=\"widget\" data-widget_type=\"heading.default\">\n\t\t\t\t<div class=\"elementor-widget-container\">\n\t\t\t\t\t<h2 class=\"elementor-heading-title elementor-size-default\">NUESTROS VALORES<\/h2>\t\t\t\t<\/div>\n\t\t\t\t<\/div>\n\t\t<div class=\"elementor-element elementor-element-7f1d998 e-con-full e-flex e-con e-child\" data-id=\"7f1d998\" data-element_type=\"container\" data-e-type=\"container\">\n\t\t<div class=\"elementor-element elementor-element-a1faa70 e-con-full e-flex e-con e-child\" data-id=\"a1faa70\" data-element_type=\"container\" data-e-type=\"container\">\n\t\t\t\t<div class=\"elementor-element elementor-element-51531c7 elementor-widget elementor-widget-heading\" data-id=\"51531c7\" data-element_type=\"widget\" data-e-type=\"widget\" data-widget_type=\"heading.default\">\n\t\t\t\t<div class=\"elementor-widget-container\">\n\t\t\t\t\t<h2 class=\"elementor-heading-title elementor-size-default\">Seguridad<\/h2>\t\t\t\t<\/div>\n\t\t\t\t<\/div>\n\t\t\t\t<div class=\"elementor-element elementor-element-5fa5204 elementor-widget__width-initial elementor-widget elementor-widget-text-editor\" data-id=\"5fa5204\" data-element_type=\"widget\" data-e-type=\"widget\" data-widget_type=\"text-editor.default\">\n\t\t\t\t<div class=\"elementor-widget-container\">\n\t\t\t\t\t\t\t\t\t<p>Ofrecemos productos originales, junto con un servicio de la m\u00e1s alta calidad. Pod\u00e9s confiar plenamente en lo que entregamos.<\/p>\t\t\t\t\t\t\t\t<\/div>\n\t\t\t\t<\/div>\n\t\t\t\t<\/div>\n\t\t<div class=\"elementor-element elementor-element-8cebaf2 e-con-full e-flex e-con e-child\" data-id=\"8cebaf2\" data-element_type=\"container\" data-e-type=\"container\">\n\t\t\t\t<div class=\"elementor-element elementor-element-d96d46f elementor-widget elementor-widget-heading\" data-id=\"d96d46f\" data-element_type=\"widget\" data-e-type=\"widget\" data-widget_type=\"heading.default\">\n\t\t\t\t<div class=\"elementor-widget-container\">\n\t\t\t\t\t<h2 class=\"elementor-heading-title elementor-size-default\">Confianza<\/h2>\t\t\t\t<\/div>\n\t\t\t\t<\/div>\n\t\t\t\t<div class=\"elementor-element elementor-element-d174fd0 elementor-widget__width-initial elementor-widget elementor-widget-text-editor\" data-id=\"d174fd0\" data-element_type=\"widget\" data-e-type=\"widget\" data-widget_type=\"text-editor.default\">\n\t\t\t\t<div class=\"elementor-widget-container\">\n\t\t\t\t\t\t\t\t\t<p>Construimos relaciones a largo plazo, basadas en la transparencia, la integridad y el compromiso con tus necesidades.<\/p>\t\t\t\t\t\t\t\t<\/div>\n\t\t\t\t<\/div>\n\t\t\t\t<\/div>\n\t\t\t\t<\/div>\n\t\t<div class=\"elementor-element elementor-element-696f623 e-con-full e-flex e-con e-child\" data-id=\"696f623\" data-element_type=\"container\" data-e-type=\"container\">\n\t\t<div class=\"elementor-element elementor-element-401d291 e-con-full e-flex e-con e-child\" data-id=\"401d291\" data-element_type=\"container\" data-e-type=\"container\">\n\t\t\t\t<div class=\"elementor-element elementor-element-1413107 elementor-widget elementor-widget-heading\" data-id=\"1413107\" data-element_type=\"widget\" data-e-type=\"widget\" data-widget_type=\"heading.default\">\n\t\t\t\t<div class=\"elementor-widget-container\">\n\t\t\t\t\t<h2 class=\"elementor-heading-title elementor-size-default\">Calidad<\/h2>\t\t\t\t<\/div>\n\t\t\t\t<\/div>\n\t\t\t\t<div class=\"elementor-element elementor-element-34c1b0c elementor-widget__width-initial elementor-widget elementor-widget-text-editor\" data-id=\"34c1b0c\" data-element_type=\"widget\" data-e-type=\"widget\" data-widget_type=\"text-editor.default\">\n\t\t\t\t<div class=\"elementor-widget-container\">\n\t\t\t\t\t\t\t\t\t<p>Nos aseguramos de ofrecerte lo mejor en cada producto. No se trata solo de cumplir con los est\u00e1ndares, sino de superarlos.<\/p>\t\t\t\t\t\t\t\t<\/div>\n\t\t\t\t<\/div>\n\t\t\t\t<\/div>\n\t\t<div class=\"elementor-element elementor-element-8c301d5 e-con-full e-flex e-con e-child\" data-id=\"8c301d5\" data-element_type=\"container\" data-e-type=\"container\">\n\t\t\t\t<div class=\"elementor-element elementor-element-eb5b8ca elementor-widget elementor-widget-heading\" data-id=\"eb5b8ca\" data-element_type=\"widget\" data-e-type=\"widget\" data-widget_type=\"heading.default\">\n\t\t\t\t<div class=\"elementor-widget-container\">\n\t\t\t\t\t<h2 class=\"elementor-heading-title elementor-size-default\">Calidez<\/h2>\t\t\t\t<\/div>\n\t\t\t\t<\/div>\n\t\t\t\t<div class=\"elementor-element elementor-element-d61fdf6 elementor-widget__width-initial elementor-widget elementor-widget-text-editor\" data-id=\"d61fdf6\" data-element_type=\"widget\" data-e-type=\"widget\" data-widget_type=\"text-editor.default\">\n\t\t\t\t<div class=\"elementor-widget-container\">\n\t\t\t\t\t\t\t\t\t<p>Escuchamos cada una de tus necesidades e inquietudes y trabajamos para que sientas una experiencia \u00fanica y personalizada.<\/p>\t\t\t\t\t\t\t\t<\/div>\n\t\t\t\t<\/div>\n\t\t\t\t<\/div>\n\t\t\t\t<\/div>\n\t\t\t\t\t<\/div>\n\t\t\t\t<\/div>\n\t\t<div class=\"elementor-element elementor-element-5d880f6 e-flex e-con-boxed e-con e-child\" data-id=\"5d880f6\" data-element_type=\"container\" data-e-type=\"container\">\n\t\t\t\t\t<div class=\"e-con-inner\">\n\t\t\t\t<div class=\"elementor-element elementor-element-1450464 elementor-widget elementor-widget-heading\" data-id=\"1450464\" data-element_type=\"widget\" data-e-type=\"widget\" data-widget_type=\"heading.default\">\n\t\t\t\t<div class=\"elementor-widget-container\">\n\t\t\t\t\t<h2 class=\"elementor-heading-title elementor-size-default\">LO QUE NOS DIFERENCIA<\/h2>\t\t\t\t<\/div>\n\t\t\t\t<\/div>\n\t\t\t\t<div class=\"elementor-element elementor-element-9431abb elementor-widget elementor-widget-text-editor\" data-id=\"9431abb\" data-element_type=\"widget\" data-e-type=\"widget\" data-widget_type=\"text-editor.default\">\n\t\t\t\t<div class=\"elementor-widget-container\">\n\t\t\t\t\t\t\t\t\t<p>Nuestro <strong>servicio t\u00e9cnico es excepcionalmente especializado<\/strong> y r\u00e1pido, respaldado por a\u00f1os de experiencia en el campo. Adem\u00e1s, contamos con un <strong>extenso stock de productos<\/strong>, lo que garantiza una <strong>respuesta r\u00e1pida y efectiva<\/strong> a las necesidades de nuestros clientes. Pero lo m\u00e1s importante, ofrecemos <strong>precios accesibles sin comprometer la calidad ni el servicio.<\/strong><\/p>\t\t\t\t\t\t\t\t<\/div>\n\t\t\t\t<\/div>\n\t\t\t\t\t<\/div>\n\t\t\t\t<\/div>\n\t\t\t\t<\/div>\n\t\t\t\t<\/div>\n\t\t","protected":false},"excerpt":{"rendered":"<p>BIENVENIDOS Desde nuestra fundaci\u00f3n en el a\u00f1o 2012, nos dedicamos apasionadamente a proporcionar productos y servicios de primera calidad.Durante m\u00e1s de diez a\u00f1os, mantuvimos un firme compromiso con la excelencia, lo que nos ha permitido convertirnos en el distribuidor oficial de dos marcas l\u00edderes en sus campos: Cummins y XCMG. Nuestro enfoque en mantener los [&hellip;]<\/p>\n","protected":false},"author":1,"featured_media":0,"parent":0,"menu_order":0,"comment_status":"closed","ping_status":"closed","template":"elementor_header_footer","meta":{"footnotes":""},"class_list":["post-30","page","type-page","status-publish","hentry"],"_links":{"self":[{"href":"https:\/\/gygmotors.com.ar\/index.php\/wp-json\/wp\/v2\/pages\/30","targetHints":{"allow":["GET"]}}],"collection":[{"href":"https:\/\/gygmotors.com.ar\/index.php\/wp-json\/wp\/v2\/pages"}],"about":[{"href":"https:\/\/gygmotors.com.ar\/index.php\/wp-json\/wp\/v2\/types\/page"}],"author":[{"embeddable":true,"href":"https:\/\/gygmotors.com.ar\/index.php\/wp-json\/wp\/v2\/users\/1"}],"replies":[{"embeddable":true,"href":"https:\/\/gygmotors.com.ar\/index.php\/wp-json\/wp\/v2\/comments?post=30"}],"version-history":[{"count":10,"href":"https:\/\/gygmotors.com.ar\/index.php\/wp-json\/wp\/v2\/pages\/30\/revisions"}],"predecessor-version":[{"id":604,"href":"https:\/\/gygmotors.com.ar\/index.php\/wp-json\/wp\/v2\/pages\/30\/revisions\/604"}],"wp:attachment":[{"href":"https:\/\/gygmotors.com.ar\/index.php\/wp-json\/wp\/v2\/media?parent=30"}],"curies":[{"name":"wp","href":"https:\/\/api.w.org\/{rel}","templated":true}]}}