{"id":756,"date":"2025-02-05T19:33:58","date_gmt":"2025-02-05T19:33:58","guid":{"rendered":"https:\/\/gygmotors.com.ar\/?page_id=756"},"modified":"2025-04-25T16:25:53","modified_gmt":"2025-04-25T16:25:53","slug":"xcmg","status":"publish","type":"page","link":"https:\/\/gygmotors.com.ar\/index.php\/xcmg\/","title":{"rendered":"XCMG"},"content":{"rendered":"\t\t<div data-elementor-type=\"wp-page\" data-elementor-id=\"756\" class=\"elementor elementor-756\" data-elementor-post-type=\"page\">\n\t\t\t\t<div class=\"elementor-element elementor-element-ba74292 e-con-full e-flex e-con e-parent\" data-id=\"ba74292\" data-element_type=\"container\" data-e-type=\"container\" data-settings=\"{&quot;background_background&quot;:&quot;classic&quot;}\">\n\t\t<div class=\"elementor-element elementor-element-7b42f5a e-flex e-con-boxed e-con e-child\" data-id=\"7b42f5a\" data-element_type=\"container\" data-e-type=\"container\">\n\t\t\t\t\t<div class=\"e-con-inner\">\n\t\t\t\t<div class=\"elementor-element elementor-element-b5b4ece elementor-widget elementor-widget-image\" data-id=\"b5b4ece\" data-element_type=\"widget\" data-e-type=\"widget\" data-widget_type=\"image.default\">\n\t\t\t\t<div class=\"elementor-widget-container\">\n\t\t\t\t\t\t\t\t\t\t\t\t\t\t\t<img decoding=\"async\" width=\"242\" height=\"181\" src=\"https:\/\/gygmotors.com.ar\/wp-content\/uploads\/2025\/02\/XCMG.png\" class=\"attachment-full size-full wp-image-772\" alt=\"\" \/>\t\t\t\t\t\t\t\t\t\t\t\t\t\t\t<\/div>\n\t\t\t\t<\/div>\n\t\t\t\t<div class=\"elementor-element elementor-element-999528a elementor-widget elementor-widget-heading\" data-id=\"999528a\" data-element_type=\"widget\" data-e-type=\"widget\" data-widget_type=\"heading.default\">\n\t\t\t\t<div class=\"elementor-widget-container\">\n\t\t\t\t\t<h2 class=\"elementor-heading-title elementor-size-default\">XCMG<\/h2>\t\t\t\t<\/div>\n\t\t\t\t<\/div>\n\t\t\t\t<div class=\"elementor-element elementor-element-9a5b2d6 elementor-widget elementor-widget-text-editor\" data-id=\"9a5b2d6\" data-element_type=\"widget\" data-e-type=\"widget\" data-widget_type=\"text-editor.default\">\n\t\t\t\t<div class=\"elementor-widget-container\">\n\t\t\t\t\t\t\t\t\t<p>Es una <strong>empresa China<\/strong> que se especializa en la fabricaci\u00f3n de <strong>maquinaria de construcci\u00f3n y equipos pesados<\/strong>.<\/p><p><strong>Produce una amplia gama de productos<\/strong>, incluyendo excavadoras, gr\u00faas, cargadoras, y camiones mezcladores, entre otros.<\/p><p>Se destaca por su capacidad de producci\u00f3n, su red de distribuci\u00f3n global y su enfoque en costos competitivos.<\/p><p>XCMG se encuentra en el <strong>top 3<\/strong> de ventas a <strong>nivel mundial<\/strong>.<\/p>\t\t\t\t\t\t\t\t<\/div>\n\t\t\t\t<\/div>\n\t\t\t\t\t<\/div>\n\t\t\t\t<\/div>\n\t\t\t\t<\/div>\n\t\t\t\t<\/div>\n\t\t","protected":false},"excerpt":{"rendered":"<p>XCMG Es una empresa China que se especializa en la fabricaci\u00f3n de maquinaria de construcci\u00f3n y equipos pesados. Produce una amplia gama de productos, incluyendo excavadoras, gr\u00faas, cargadoras, y camiones mezcladores, entre otros. Se destaca por su capacidad de producci\u00f3n, su red de distribuci\u00f3n global y su enfoque en costos competitivos. XCMG se encuentra en [&hellip;]<\/p>\n","protected":false},"author":1,"featured_media":0,"parent":0,"menu_order":0,"comment_status":"closed","ping_status":"closed","template":"elementor_header_footer","meta":{"footnotes":""},"class_list":["post-756","page","type-page","status-publish","hentry"],"_links":{"self":[{"href":"https:\/\/gygmotors.com.ar\/index.php\/wp-json\/wp\/v2\/pages\/756","targetHints":{"allow":["GET"]}}],"collection":[{"href":"https:\/\/gygmotors.com.ar\/index.php\/wp-json\/wp\/v2\/pages"}],"about":[{"href":"https:\/\/gygmotors.com.ar\/index.php\/wp-json\/wp\/v2\/types\/page"}],"author":[{"embeddable":true,"href":"https:\/\/gygmotors.com.ar\/index.php\/wp-json\/wp\/v2\/users\/1"}],"replies":[{"embeddable":true,"href":"https:\/\/gygmotors.com.ar\/index.php\/wp-json\/wp\/v2\/comments?post=756"}],"version-history":[{"count":13,"href":"https:\/\/gygmotors.com.ar\/index.php\/wp-json\/wp\/v2\/pages\/756\/revisions"}],"predecessor-version":[{"id":1565,"href":"https:\/\/gygmotors.com.ar\/index.php\/wp-json\/wp\/v2\/pages\/756\/revisions\/1565"}],"wp:attachment":[{"href":"https:\/\/gygmotors.com.ar\/index.php\/wp-json\/wp\/v2\/media?parent=756"}],"curies":[{"name":"wp","href":"https:\/\/api.w.org\/{rel}","templated":true}]}}